{"id":1144,"date":"2024-02-07T14:12:36","date_gmt":"2024-02-07T12:12:36","guid":{"rendered":"https:\/\/rakettimyynti.ilotulitus.fi\/?page_id=1144"},"modified":"2025-06-11T09:45:26","modified_gmt":"2025-06-11T06:45:26","slug":"etusivu","status":"publish","type":"page","link":"https:\/\/kilotulitus.fi\/en\/","title":{"rendered":"Etusivu"},"content":{"rendered":"<p>[et_pb_section fb_built=&#8221;1&#8243; _builder_version=&#8221;4.24.1&#8243; _module_preset=&#8221;default&#8221; background_color=&#8221;#f9b325&#8243; da_disable_devices=&#8221;off|off|off&#8221; global_colors_info=&#8221;{}&#8221; da_is_popup=&#8221;off&#8221; da_exit_intent=&#8221;off&#8221; da_has_close=&#8221;on&#8221; da_alt_close=&#8221;off&#8221; da_dark_close=&#8221;off&#8221; da_not_modal=&#8221;on&#8221; da_is_singular=&#8221;off&#8221; da_with_loader=&#8221;off&#8221; da_has_shadow=&#8221;on&#8221;][et_pb_row _builder_version=&#8221;4.24.1&#8243; _module_preset=&#8221;default&#8221; dvmd_hsp_mode=&#8221;hide&#8221; dvmd_hsp_preset=&#8221;#1172&#8243; global_colors_info=&#8221;{}&#8221;][et_pb_column type=&#8221;4_4&#8243; _builder_version=&#8221;4.24.0&#8243; _module_preset=&#8221;default&#8221; global_colors_info=&#8221;{}&#8221;][et_pb_text _builder_version=&#8221;4.24.1&#8243; _module_preset=&#8221;default&#8221; global_colors_info=&#8221;{}&#8221;]<\/p>\n<h1>Tervetuloa Suomen Ilotulitus Oy:n kumppaniportaaliin!<\/h1>\n<p>[\/et_pb_text][et_pb_text _builder_version=&#8221;4.24.1&#8243; _module_preset=&#8221;default&#8221; global_colors_info=&#8221;{}&#8221;]T\u00e4lt\u00e4 sivustolta l\u00f6yd\u00e4t ilotulitemyyjille tarkoitetut koulutus- sek\u00e4 muut materiaalit. Jos sinulla on tunnukset, voit kirjautua sis\u00e4\u00e4n alla olevalla lomakkeella. Jos sinulle ei ole tunnuksia, mutta olet menossa myym\u00e4\u00e4n ilotulitteita jollekin myyntipisteellemme, pyyd\u00e4 tunnukset aluevastaavaltasi.[\/et_pb_text][et_pb_text _builder_version=&#8221;4.24.1&#8243; _module_preset=&#8221;default&#8221; global_colors_info=&#8221;{}&#8221;]\t<section class=\"uo_loginForm\">\n\t\t<script>\n\t\t\t\t\t\tlet UOToolkitFrontEndLoginFormData = JSON.parse('{\"turnstileRecaptcha\":false}');\n\t\t<\/script>\n\t\t\n\n<div id=\"ult-login\">\n\n\t<div class=\"ult-box\">\n\n\t\t<div class=\"ult-form__content\">\n\t\t\t\n\t\t\t\n\t\t\t\n\t\t\t\n\t\t\t\t<div class=\"ult-form__title\">\n\t\t\t\t\tKirjaudu sis\u00e4\u00e4n\t\t\t\t<\/div>\n\n\t\t\t\n\t\t\t\n\t\t\t\n\t\t\t\t<div class=\"ult-form__description\">\n\t\t\t\t\tKirjaudu sis\u00e4\u00e4n p\u00e4\u00e4st\u00e4ksesi sis\u00e4lt\u00f6ihin k\u00e4siksi.\t\t\t\t<\/div>\n\n\t\t\t\n\t\t\t\n\t\t\t<div class=\"ult-form__container\">\n\n\t\t\t\t<form name=\"ult-login-form\" id=\"ult-login-form\" action=\"https:\/\/kilotulitus.fi\/wp-login.php\" method=\"post\"><input id=\"learndash-login-form\" type=\"hidden\" name=\"learndash-login-form\" value=\"0b4026d97b\" \/><p class=\"login-username\">\n\t\t\t\t<label for=\"ult-login-email\">K\u00e4ytt\u00e4j\u00e4tunnus<\/label>\n\t\t\t\t<input type=\"text\" name=\"log\" id=\"ult-login-email\" autocomplete=\"username\" class=\"input\" value=\"\" size=\"20\" \/>\n\t\t\t<\/p><p class=\"login-password\">\n\t\t\t\t<label for=\"ult-login-password\">Salasana<\/label>\n\t\t\t\t<input type=\"password\" name=\"pwd\" id=\"ult-login-password\" autocomplete=\"current-password\" spellcheck=\"false\" class=\"input\" value=\"\" size=\"20\" \/>\n\t\t\t<\/p>\n\t<div class=\"ult-form__validation \">\n\t\t<div class=\"ult-notice ult-notice--error\">\n\t\t\t\n\t\t\t<span class=\"ult-notice-text\"><\/span>\n\n\t\t\t\t\t<\/div>\n\t<\/div>\n\n\t<p class=\"login-remember\"><label><input name=\"rememberme\" type=\"checkbox\" id=\"ult-login-remember\" value=\"forever\" checked=\"checked\" \/> Muista minut<\/label><\/p><p class=\"login-submit\">\n\t\t\t\t<input type=\"submit\" name=\"wp-submit\" id=\"ult-login-submit\" class=\"button button-primary\" value=\"Kirjaudu\" \/>\n\t\t\t\t<input type=\"hidden\" name=\"redirect_to\" value=\"https:\/\/kilotulitus.fi\/en\/wp-admin\/\" \/>\n\t\t\t<\/p><\/form>\n\t\t\t<\/div>\n\n\t\t\t\n\t\t<\/div>\n\n\t\t<div class=\"ult-form__footer\">\n\n\t\t\t\n\t\t\t<div class=\"ult-form-footer__forgot-password\">\n\t\t\t\t<a id=\"ult-form-footer-forgot-password\" href=\"https:\/\/kilotulitus.fi\/en\/?action=lostpassword\">\n\t\t\t\t\tSalasana unohtunut?\t\t\t\t<\/a>\n\t\t\t<\/div>\n\n\t\t\t\n\t\t<\/div>\n\n\t\t\n\t<\/div>\n\n<\/div>\n\n<script type='text\/javascript'>\n\tjQuery(document).ready(function () {\n\t\tjQuery('#ult-login-email').attr('required', 'required')\n\t\tjQuery('#ult-login-password').attr('required', 'required')\n\t})\n<\/script>\n\n\t<\/section>\n[\/et_pb_text][\/et_pb_column][\/et_pb_row][et_pb_row _builder_version=&#8221;4.24.1&#8243; _module_preset=&#8221;default&#8221; dvmd_hsp_mode=&#8221;hide&#8221; dvmd_hsp_preset=&#8221;#1173&#8243; global_colors_info=&#8221;{}&#8221;][et_pb_column type=&#8221;4_4&#8243; _builder_version=&#8221;4.24.0&#8243; _module_preset=&#8221;default&#8221; global_colors_info=&#8221;{}&#8221;][et_pb_text _builder_version=&#8221;4.24.1&#8243; _module_preset=&#8221;default&#8221; global_colors_info=&#8221;{}&#8221;]<\/p>\n<h1>Tervetuloa Suomen Ilotulitus Oy:n kumppaniportaaliin!<\/h1>\n<p>[\/et_pb_text][et_pb_text _builder_version=&#8221;4.24.1&#8243; _module_preset=&#8221;default&#8221; global_colors_info=&#8221;{}&#8221;]<\/p>\n<p>Tervetuloa Suomen Ilotulitus Oy:n kumppaniportaaliin. Alta tai yl\u00e4laidan valikoista p\u00e4\u00e4set sinulle tarjolla oleviin sis\u00e4lt\u00f6ihin. Jos et l\u00f6yd\u00e4 etsim\u00e4\u00e4si, otathan yhteytt\u00e4 yhteyshenkil\u00f6\u00f6si.<\/p>\n<p>[\/et_pb_text][\/et_pb_column][\/et_pb_row][\/et_pb_section][et_pb_section fb_built=&#8221;1&#8243; _builder_version=&#8221;4.27.0&#8243; _module_preset=&#8221;default&#8221; background_enable_color=&#8221;off&#8221; display_conditions=&#8221;W3siaWQiOiIyZmUyNzk0Ny04NDBiLTQ0YWUtOTY0Zi0yNjAxODAyODE1NmMiLCJjb25kaXRpb24iOiJ1c2VyUm9sZSIsImNvbmRpdGlvblNldHRpbmdzIjp7ImRpc3BsYXlSdWxlIjoiaXMiLCJ1c2VyUm9sZXMiOlt7ImxhYmVsIjoiVHVra3Vhc2lha2FzIiwidmFsdWUiOiJ0dWtrdWFzaWFrYXMifSx7ImxhYmVsIjoiQWRtaW5pc3RyYXRvciIsInZhbHVlIjoiYWRtaW5pc3RyYXRvciJ9LHsibGFiZWwiOiJFZGl0b3IiLCJ2YWx1ZSI6ImVkaXRvciJ9XSwidXNlcklkcyI6IlVzZXIgSURzIHNlcGFyYXRlZCBieSBjb21tYXMiLCJhZG1pbkxhYmVsIjoiS8OkeXR0w6Rqw6RuIHJvb2xpIiwiZW5hYmxlQ29uZGl0aW9uIjoib24ifSwib3BlcmF0b3IiOiJPUiJ9XQ==&#8221; da_disable_devices=&#8221;off|off|off&#8221; dvmd_hsp_mode=&#8221;hide&#8221; dvmd_hsp_preset=&#8221;#1171&#8243; global_colors_info=&#8221;{}&#8221; da_is_popup=&#8221;off&#8221; da_exit_intent=&#8221;off&#8221; da_has_close=&#8221;on&#8221; da_alt_close=&#8221;off&#8221; da_dark_close=&#8221;off&#8221; da_not_modal=&#8221;on&#8221; da_is_singular=&#8221;off&#8221; da_with_loader=&#8221;off&#8221; da_has_shadow=&#8221;on&#8221;][et_pb_row _builder_version=&#8221;4.24.0&#8243; _module_preset=&#8221;default&#8221; global_colors_info=&#8221;{}&#8221;][et_pb_column type=&#8221;4_4&#8243; _builder_version=&#8221;4.24.0&#8243; _module_preset=&#8221;default&#8221; global_colors_info=&#8221;{}&#8221;][et_pb_text _builder_version=&#8221;4.24.1&#8243; _module_preset=&#8221;default&#8221; global_colors_info=&#8221;{}&#8221;]<\/p>\n<h2>Kauppa<\/h2>\n<p>[\/et_pb_text][et_pb_text _builder_version=&#8221;4.24.1&#8243; _module_preset=&#8221;default&#8221; global_colors_info=&#8221;{}&#8221;]<\/p>\n<p>Verkkokaupastamme l\u00f6ytyv\u00e4t tuotteet, joita meill\u00e4 on t\u00e4ll\u00e4 hetkell\u00e4 varastossa. Voit tehd\u00e4 suoraan verkkokaupastamme tilauksesi. Maksukorttia ei tarvitse kaivella, sill\u00e4 laskutamme tilatut tuotteet toimituskuluineen j\u00e4lkik\u00e4teen.<\/p>\n<p>&nbsp;<\/p>\n<p>[\/et_pb_text][\/et_pb_column][\/et_pb_row][et_pb_row _builder_version=&#8221;4.24.0&#8243; _module_preset=&#8221;default&#8221; global_colors_info=&#8221;{}&#8221;][et_pb_column type=&#8221;4_4&#8243; _builder_version=&#8221;4.24.0&#8243; _module_preset=&#8221;default&#8221; global_colors_info=&#8221;{}&#8221;][et_pb_shop type=&#8221;featured&#8221; columns_number=&#8221;4&#8243; show_rating=&#8221;off&#8221; show_sale_badge=&#8221;off&#8221; _builder_version=&#8221;4.24.1&#8243; _module_preset=&#8221;default&#8221; custom_margin=&#8221;||0px||false|false&#8221; custom_padding=&#8221;||0px||false|false&#8221; global_colors_info=&#8221;{}&#8221;][\/et_pb_shop][et_pb_button button_url=&#8221;\/kauppa&#8221; button_text=&#8221;Siirry kauppaan&#8221; _builder_version=&#8221;4.24.1&#8243; _module_preset=&#8221;default&#8221; global_colors_info=&#8221;{}&#8221;][\/et_pb_button][\/et_pb_column][\/et_pb_row][\/et_pb_section][et_pb_section fb_built=&#8221;1&#8243; admin_label=&#8221;Tukkumyyj\u00e4n aineistot&#8221; _builder_version=&#8221;4.27.4&#8243; _module_preset=&#8221;default&#8221; background_color=&#8221;#f7f7f7&#8243; display_conditions=&#8221;W3siaWQiOiIyY2E0OWExYi1jMTZkLTQ4MzgtODE5OC04OWE0YWNmZDFlNmMiLCJjb25kaXRpb24iOiJ1c2VyUm9sZSIsImNvbmRpdGlvblNldHRpbmdzIjp7ImRpc3BsYXlSdWxlIjoiaXMiLCJ1c2VyUm9sZXMiOlt7ImxhYmVsIjoiVHVra3Vhc2lha2FzIiwidmFsdWUiOiJ0dWtrdWFzaWFrYXMifSx7ImxhYmVsIjoiQWRtaW5pc3RyYXRvciIsInZhbHVlIjoiYWRtaW5pc3RyYXRvciJ9LHsibGFiZWwiOiJFZGl0b3IiLCJ2YWx1ZSI6ImVkaXRvciJ9XSwidXNlcklkcyI6IlVzZXIgSURzIHNlcGFyYXRlZCBieSBjb21tYXMiLCJhZG1pbkxhYmVsIjoiS8OkeXR0w6Rqw6RuIHJvb2xpIiwiZW5hYmxlQ29uZGl0aW9uIjoib24ifSwib3BlcmF0b3IiOiJPUiJ9XQ==&#8221; da_disable_devices=&#8221;off|off|off&#8221; dvmd_hsp_mode=&#8221;show&#8221; dvmd_hsp_preset=&#8221;#1174&#8243; global_colors_info=&#8221;{}&#8221; da_is_popup=&#8221;off&#8221; da_exit_intent=&#8221;off&#8221; da_has_close=&#8221;on&#8221; da_alt_close=&#8221;off&#8221; da_dark_close=&#8221;off&#8221; da_not_modal=&#8221;on&#8221; da_is_singular=&#8221;off&#8221; da_with_loader=&#8221;off&#8221; da_has_shadow=&#8221;on&#8221;][et_pb_row _builder_version=&#8221;4.24.0&#8243; _module_preset=&#8221;default&#8221; global_colors_info=&#8221;{}&#8221;][et_pb_column type=&#8221;4_4&#8243; _builder_version=&#8221;4.24.0&#8243; _module_preset=&#8221;default&#8221; global_colors_info=&#8221;{}&#8221;][et_pb_text _builder_version=&#8221;4.24.1&#8243; _module_preset=&#8221;default&#8221; global_colors_info=&#8221;{}&#8221;]<\/p>\n<h2>Aineistot<\/h2>\n<p>[\/et_pb_text][et_pb_text _builder_version=&#8221;4.24.1&#8243; _module_preset=&#8221;default&#8221; global_colors_info=&#8221;{}&#8221;]<\/p>\n<p>Lataa t\u00e4\u00e4lt\u00e4 tarpeelliset markkinointimateriaalit, viralliset lomakkeet ja muut materiaalit.\u00a0<\/p>\n<p>[\/et_pb_text][\/et_pb_column][\/et_pb_row][et_pb_row column_structure=&#8221;1_2,1_2&#8243; _builder_version=&#8221;4.27.4&#8243; _module_preset=&#8221;default&#8221; global_colors_info=&#8221;{}&#8221;][et_pb_column type=&#8221;1_2&#8243; _builder_version=&#8221;4.24.1&#8243; _module_preset=&#8221;default&#8221; global_colors_info=&#8221;{}&#8221;][et_pb_text _builder_version=&#8221;4.27.4&#8243; _module_preset=&#8221;default&#8221; global_colors_info=&#8221;{}&#8221;]<\/p>\n<div class=\"sdm_download_button_box_default\"><div class=\"sdm_download_link\"><a href=\"https:\/\/kilotulitus.fi\/?sdm_process_download=1&download_id=1515\" class=\"sdm_download orange\" title=\"Ilotulitus &#8211; valikoima 2025, hinnasto\" target=&quot;_blank&quot;>Ilotulitus - valikoima 2025, hinnasto<\/a><\/div><\/div>\n<p>[\/et_pb_text][et_pb_text _builder_version=&#8221;4.27.4&#8243; _module_preset=&#8221;default&#8221; global_colors_info=&#8221;{}&#8221;]<div class=\"sdm_download_button_box_default\"><div class=\"sdm_download_link\"><a href=\"https:\/\/kilotulitus.fi\/?sdm_process_download=1&download_id=1511\" class=\"sdm_download orange\" title=\"Ennakkomyyntiesite 2025\" target=&quot;_blank&quot;>Ennakkomyyntiesite 2025<\/a><\/div><\/div>[\/et_pb_text][et_pb_text _builder_version=&#8221;4.27.4&#8243; _module_preset=&#8221;default&#8221; global_colors_info=&#8221;{}&#8221;]<\/p>\n<div class=\"sdm_download_button_box_default\">\n<div class=\"sdm_download_link\">\n<a href =\"https:\/\/suomenilotulitus.sharepoint.com\/:f:\/s\/Markkinointijamyynninedistminen\/EiZPBRh5uRlDiq4nzaotvZ8B5nT8ArCTUWEmTUtSseMLKg?e=g0a4bc\"class=\"sdm_download orange\" target=\"_blank\">Lataa kuvia ja videoita mediapankista<\/a>\n<\/div>\n<\/div>\n<p>[\/et_pb_text][\/et_pb_column][et_pb_column type=&#8221;1_2&#8243; _builder_version=&#8221;4.24.1&#8243; _module_preset=&#8221;default&#8221; global_colors_info=&#8221;{}&#8221;][et_pb_text _builder_version=&#8221;4.27.4&#8243; _module_preset=&#8221;default&#8221; global_colors_info=&#8221;{}&#8221;]<div class=\"sdm_download_button_box_default\"><div class=\"sdm_download_link\"><a href=\"https:\/\/kilotulitus.fi\/?sdm_process_download=1&download_id=1029\" class=\"sdm_download orange\" title=\"Ohjeet myyntipaikkaluvan hakemiselle\" >Ohjeet myyntipaikkaluvan hakemiselle<\/a><\/div><\/div>[\/et_pb_text][et_pb_text _builder_version=&#8221;4.24.1&#8243; _module_preset=&#8221;default&#8221; global_colors_info=&#8221;{}&#8221;]<div class=\"sdm_download_button_box_default\"><div class=\"sdm_download_link\"><a href=\"https:\/\/kilotulitus.fi\/?sdm_process_download=1&download_id=307\" class=\"sdm_download orange\" title=\"Ilotulitemyynnin aloituksen tarkistuslista\" target=&quot;_blank&quot;>Ilotulitemyynnin aloituksen tarkistuslista<\/a><\/div><\/div>[\/et_pb_text][et_pb_text _builder_version=&#8221;4.27.4&#8243; _module_preset=&#8221;default&#8221; global_colors_info=&#8221;{}&#8221;]<div class=\"sdm_download_button_box_default\"><div class=\"sdm_download_link\"><a href=\"https:\/\/kilotulitus.fi\/?sdm_process_download=1&download_id=1018\" class=\"sdm_download orange\" title=\"Ilmoitus toimittamattomasta tuotteesta\" >Ilmoitus toimimattomasta tuotteesta<\/a><\/div><\/div>[\/et_pb_text][\/et_pb_column][\/et_pb_row][\/et_pb_section][et_pb_section fb_built=&#8221;1&#8243; _builder_version=&#8221;4.24.1&#8243; _module_preset=&#8221;default&#8221; display_conditions=&#8221;W3siaWQiOiI0MTM4ZTQ0NC0yMmNhLTQxYWItOWEwZS01Y2JjZGUzM2Y2M2UiLCJjb25kaXRpb24iOiJ1c2VyUm9sZSIsImNvbmRpdGlvblNldHRpbmdzIjp7ImRpc3BsYXlSdWxlIjoiaXMiLCJ1c2VyUm9sZXMiOlt7ImxhYmVsIjoiQWRtaW5pc3RyYXRvciIsInZhbHVlIjoiYWRtaW5pc3RyYXRvciJ9LHsibGFiZWwiOiJFZGl0b3IiLCJ2YWx1ZSI6ImVkaXRvciJ9LHsibGFiZWwiOiJUdWtrdWFzaWFrYXMiLCJ2YWx1ZSI6InR1a2t1YXNpYWthcyJ9LHsibGFiZWwiOiJTdWJzY3JpYmVyIiwidmFsdWUiOiJzdWJzY3JpYmVyIn1dLCJ1c2VySWRzIjoiVXNlciBJRHMgc2VwYXJhdGVkIGJ5IGNvbW1hcyIsImFkbWluTGFiZWwiOiJLw6R5dHTDpGrDpG4gcm9vbGkiLCJlbmFibGVDb25kaXRpb24iOiJvbiJ9LCJvcGVyYXRvciI6Ik9SIn1d&#8221; da_disable_devices=&#8221;off|off|off&#8221; dvmd_hsp_mode=&#8221;hide&#8221; dvmd_hsp_preset=&#8221;#1173&#8243; global_colors_info=&#8221;{}&#8221; da_is_popup=&#8221;off&#8221; da_exit_intent=&#8221;off&#8221; da_has_close=&#8221;on&#8221; da_alt_close=&#8221;off&#8221; da_dark_close=&#8221;off&#8221; da_not_modal=&#8221;on&#8221; da_is_singular=&#8221;off&#8221; da_with_loader=&#8221;off&#8221; da_has_shadow=&#8221;on&#8221;][et_pb_row module_class=&#8221;etusivu_kurssit&#8221; _builder_version=&#8221;4.24.2&#8243; _module_preset=&#8221;default&#8221; global_colors_info=&#8221;{}&#8221;][et_pb_column type=&#8221;4_4&#8243; _builder_version=&#8221;4.24.0&#8243; _module_preset=&#8221;default&#8221; global_colors_info=&#8221;{}&#8221;][et_pb_text _builder_version=&#8221;4.24.1&#8243; _module_preset=&#8221;default&#8221; global_colors_info=&#8221;{}&#8221;]<\/p>\n<h2>Kurssit<\/h2>\n<p>[\/et_pb_text][et_pb_text _builder_version=&#8221;4.24.1&#8243; _module_preset=&#8221;default&#8221; global_colors_info=&#8221;{}&#8221;]T\u00e4ss\u00e4 ovat tuotemyyntiin ja tuotteisiin liittyv\u00e4t kurssit, joihin sinulla on p\u00e4\u00e4sy. Klikkaa kurssin otsikkoa ja sitten vain oppimaan![\/et_pb_text][et_pb_text _builder_version=&#8221;4.24.2&#8243; _module_preset=&#8221;default&#8221; global_colors_info=&#8221;{}&#8221;][\/et_pb_text][\/et_pb_column][\/et_pb_row][\/et_pb_section]<\/p>\n","protected":false},"excerpt":{"rendered":"<p>Tervetuloa Suomen Ilotulitus Oy:n kumppaniportaaliin!T\u00e4lt\u00e4 sivustolta l\u00f6yd\u00e4t ilotulitemyyjille tarkoitetut koulutus- sek\u00e4 muut materiaalit. Jos sinulla on tunnukset, voit kirjautua sis\u00e4\u00e4n alla olevalla lomakkeella. Jos sinulle ei ole tunnuksia, mutta olet menossa myym\u00e4\u00e4n ilotulitteita jollekin myyntipisteellemme, pyyd\u00e4 tunnukset aluevastaavaltasi.\t<section class=\"uo_loginForm\">\n\t\t<script>\n\t\t\t\t\t\tlet UOToolkitFrontEndLoginFormData = JSON.parse('{\"turnstileRecaptcha\":false}');\n\t\t<\/script>\n\t\t\n\n<div id=\"ult-login\">\n\n\t<div class=\"ult-box\">\n\n\t\t<div class=\"ult-form__content\">\n\t\t\t\n\t\t\t\n\t\t\t\n\t\t\t\n\t\t\t\t<div class=\"ult-form__title\">\n\t\t\t\t\tKirjaudu sis\u00e4\u00e4n\t\t\t\t<\/div>\n\n\t\t\t\n\t\t\t\n\t\t\t\n\t\t\t\t<div class=\"ult-form__description\">\n\t\t\t\t\tKirjaudu sis\u00e4\u00e4n p\u00e4\u00e4st\u00e4ksesi sis\u00e4lt\u00f6ihin k\u00e4siksi.\t\t\t\t<\/div>\n\n\t\t\t\n\t\t\t\n\t\t\t<div class=\"ult-form__container\">\n\n\t\t\t\t<form name=\"ult-login-form\" id=\"ult-login-form\" action=\"https:\/\/kilotulitus.fi\/wp-login.php\" method=\"post\"><input id=\"learndash-login-form\" type=\"hidden\" name=\"learndash-login-form\" value=\"0b4026d97b\" \/><p class=\"login-username\">\n\t\t\t\t<label for=\"ult-login-email\">K\u00e4ytt\u00e4j\u00e4tunnus<\/label>\n\t\t\t\t<input type=\"text\" name=\"log\" id=\"ult-login-email\" autocomplete=\"username\" class=\"input\" value=\"\" size=\"20\" \/>\n\t\t\t<\/p><p class=\"login-password\">\n\t\t\t\t<label for=\"ult-login-password\">Salasana<\/label>\n\t\t\t\t<input type=\"password\" name=\"pwd\" id=\"ult-login-password\" autocomplete=\"current-password\" spellcheck=\"false\" class=\"input\" value=\"\" size=\"20\" \/>\n\t\t\t<\/p>\n\t<div class=\"ult-form__validation \">\n\t\t<div class=\"ult-notice ult-notice--error\">\n\t\t\t\n\t\t\t<span class=\"ult-notice-text\"><\/span>\n\n\t\t\t\t\t<\/div>\n\t<\/div>\n\n\t\n\t<div class=\"ult-form__validation \">\n\t\t<div class=\"ult-notice ult-notice--error\">\n\t\t\t\n\t\t\t<span class=\"ult-notice-text\"><\/span>\n\n\t\t\t\t\t<\/div>\n\t<\/div>\n\n\t<p class=\"login-remember\"><label><input name=\"rememberme\" type=\"checkbox\" id=\"ult-login-remember\" value=\"forever\" checked=\"checked\" \/> Muista minut<\/label><\/p><p class=\"login-submit\">\n\t\t\t\t<input type=\"submit\" name=\"wp-submit\" id=\"ult-login-submit\" class=\"button button-primary\" value=\"Kirjaudu\" \/>\n\t\t\t\t<input type=\"hidden\" name=\"redirect_to\" value=\"https:\/\/kilotulitus.fi\/en\/wp-admin\/\" \/>\n\t\t\t<\/p><\/form>\n\t\t\t<\/div>\n\n\t\t\t\n\t\t<\/div>\n\n\t\t<div class=\"ult-form__footer\">\n\n\t\t\t\n\t\t\t<div class=\"ult-form-footer__forgot-password\">\n\t\t\t\t<a id=\"ult-form-footer-forgot-password\" href=\"https:\/\/kilotulitus.fi\/en\/?action=lostpassword\">\n\t\t\t\t\tSalasana unohtunut?\t\t\t\t<\/a>\n\t\t\t<\/div>\n\n\t\t\t\n\t\t<\/div>\n\n\t\t\n\t<\/div>\n\n<\/div>\n\n<script type='text\/javascript'>\n\tjQuery(document).ready(function () {\n\t\tjQuery('#ult-login-email').attr('required', 'required')\n\t\tjQuery('#ult-login-password').attr('required', 'required')\n\t})\n<\/script>\n\n\t<\/section>\nTervetuloa Suomen Ilotulitus Oy:n kumppaniportaaliin!Tervetuloa Suomen Ilotulitus Oy:n kumppaniportaaliin. Alta tai yl\u00e4laidan valikoista p\u00e4\u00e4set sinulle tarjolla oleviin sis\u00e4lt\u00f6ihin. [&hellip;]<\/p>\n","protected":false},"author":1,"featured_media":0,"parent":0,"menu_order":0,"comment_status":"closed","ping_status":"closed","template":"","meta":{"_et_pb_use_builder":"on","_et_pb_old_content":"","_et_gb_content_width":"","footnotes":""},"class_list":["post-1144","page","type-page","status-publish","hentry"],"_links":{"self":[{"href":"https:\/\/kilotulitus.fi\/en\/wp-json\/wp\/v2\/pages\/1144","targetHints":{"allow":["GET"]}}],"collection":[{"href":"https:\/\/kilotulitus.fi\/en\/wp-json\/wp\/v2\/pages"}],"about":[{"href":"https:\/\/kilotulitus.fi\/en\/wp-json\/wp\/v2\/types\/page"}],"author":[{"embeddable":true,"href":"https:\/\/kilotulitus.fi\/en\/wp-json\/wp\/v2\/users\/1"}],"replies":[{"embeddable":true,"href":"https:\/\/kilotulitus.fi\/en\/wp-json\/wp\/v2\/comments?post=1144"}],"version-history":[{"count":11,"href":"https:\/\/kilotulitus.fi\/en\/wp-json\/wp\/v2\/pages\/1144\/revisions"}],"predecessor-version":[{"id":1528,"href":"https:\/\/kilotulitus.fi\/en\/wp-json\/wp\/v2\/pages\/1144\/revisions\/1528"}],"wp:attachment":[{"href":"https:\/\/kilotulitus.fi\/en\/wp-json\/wp\/v2\/media?parent=1144"}],"curies":[{"name":"wp","href":"https:\/\/api.w.org\/{rel}","templated":true}]}}